{"id":12,"date":"2021-08-12T09:28:16","date_gmt":"2021-08-12T09:28:16","guid":{"rendered":"http:\/\/www.remus-security.pl\/?page_id=12"},"modified":"2023-08-30T08:25:58","modified_gmt":"2023-08-30T08:25:58","slug":"kontakt","status":"publish","type":"page","link":"https:\/\/www.remus-security.pl\/index.php\/kontakt\/","title":{"rendered":"Kontakt"},"content":{"rendered":"\n<p class=\"has-white-color has-text-color\">Przedsi\u0119biorstwo Us\u0142ugowe REMUS-SECURITY Grzegorz Kaszubowski<\/p>\n\n\n\n<p class=\"has-white-color has-text-color\">Adres siedziby 80-044 Gda\u0144sk, Trakt \u015awi\u0119tego Wojciecha 29<\/p>\n\n\n\n<p class=\"has-white-color has-text-color\">tel 0 (58) 32-44-597<\/p>\n\n\n\n<p class=\"has-white-color has-text-color\">tel kom 0 608 710 192<\/p>\n\n\n\n<p class=\"has-white-color has-text-color\">email : office@remus-security.pl<\/p>\n\n\n\n<p class=\"has-white-color has-text-color\"><\/p>\n\n\n\n<p class=\"has-white-color has-text-color\">Oddzia\u0142 Pozna\u0144<\/p>\n\n\n\n<p class=\"has-white-color has-text-color\">Rolna 5<\/p>\n\n\n\n<p class=\"has-white-color has-text-color\">tel 0 (58) 324 45 97<\/p>\n\n\n\n<p class=\"has-white-color has-text-color\">email: oddzial@remus-security.pl<\/p>\n\n\n\n<p class=\"has-white-color has-text-color\"><strong>REKRUTACJA kandydat\u00f3w<\/strong><\/p>\n\n\n\n<p class=\"has-white-color has-text-color\">Rekrutacja, listy motywacyjne oraz cv mo\u017cna sk\u0142ada\u0107 na adres lub listownie <\/p>\n\n\n\n<p class=\"has-white-color has-text-color\"> email: <strong>gdansk@remus-security.pl<\/strong><\/p>\n","protected":false},"excerpt":{"rendered":"<p>Przedsi\u0119biorstwo Us\u0142ugowe REMUS-SECURITY Grzegorz Kaszubowski Adres siedziby 80-044 Gda\u0144sk, Trakt \u015awi\u0119tego Wojciecha 29 tel 0&hellip;<a href=\"https:\/\/www.remus-security.pl\/index.php\/kontakt\/\" class=\"more-link\"><span class=\"more-button\">Continue reading<span class=\"screen-reader-text\">Kontakt<\/span><\/span><\/a><\/p>\n","protected":false},"author":1,"featured_media":0,"parent":0,"menu_order":0,"comment_status":"closed","ping_status":"closed","template":"","meta":{"footnotes":""},"class_list":["post-12","page","type-page","status-publish","hentry"],"_links":{"self":[{"href":"https:\/\/www.remus-security.pl\/index.php\/wp-json\/wp\/v2\/pages\/12","targetHints":{"allow":["GET"]}}],"collection":[{"href":"https:\/\/www.remus-security.pl\/index.php\/wp-json\/wp\/v2\/pages"}],"about":[{"href":"https:\/\/www.remus-security.pl\/index.php\/wp-json\/wp\/v2\/types\/page"}],"author":[{"embeddable":true,"href":"https:\/\/www.remus-security.pl\/index.php\/wp-json\/wp\/v2\/users\/1"}],"replies":[{"embeddable":true,"href":"https:\/\/www.remus-security.pl\/index.php\/wp-json\/wp\/v2\/comments?post=12"}],"version-history":[{"count":14,"href":"https:\/\/www.remus-security.pl\/index.php\/wp-json\/wp\/v2\/pages\/12\/revisions"}],"predecessor-version":[{"id":180,"href":"https:\/\/www.remus-security.pl\/index.php\/wp-json\/wp\/v2\/pages\/12\/revisions\/180"}],"wp:attachment":[{"href":"https:\/\/www.remus-security.pl\/index.php\/wp-json\/wp\/v2\/media?parent=12"}],"curies":[{"name":"wp","href":"https:\/\/api.w.org\/{rel}","templated":true}]}}